{"id":799,"date":"2020-04-30T08:51:04","date_gmt":"2020-04-30T06:51:04","guid":{"rendered":"https:\/\/johanlundberg.se\/?page_id=799"},"modified":"2022-03-29T11:09:38","modified_gmt":"2022-03-29T09:09:38","slug":"projektering","status":"publish","type":"page","link":"https:\/\/johanlundberg.se\/en\/vara-tjanster\/projektering\/","title":{"rendered":"Projektering"},"content":{"rendered":"<h1>\n<h1><strong>Projecting<\/strong><\/h1>\n<\/h1>\n<div>Vi ser det inte som v\u00e5r uppgift att anv\u00e4nda schaktfritt till varje pris. N\u00e4r traditionell schaktning \u00e4r b\u00e4st rekommenderar vi sj\u00e4lvklart detta. Och eftersom schaktfritt kr\u00e4ver st\u00f6rre noggrannhet, genomsyrar detta v\u00e5rt s\u00e4tt att arbeta.<\/p>\n<p>Under processen (se figur nedan) \u00e4r det viktigt att kartl\u00e4gga alla f\u00f6ruts\u00e4ttningar och fakta om projektet. D\u00e4refter best\u00e5r arbetet av att v\u00e4rdera tillg\u00e4ngliga alternativ och utan f\u00f6rutfattade meningar ta sig fram till en l\u00f6sning som fungerar.<\/p>\n<p>Vi arbetar alltid efter en stegvis arbetsmodell som vi d\u00f6pt till &#8220;Lundbergs trappa&#8221;. De f\u00f6rsta trappstegen &#8211; behovsanalys och f\u00f6rstudie &#8211; \u00e4r viktigast. D\u00e4r unders\u00f6ker vi om det \u00f6verhuvudtaget finns en schaktfri l\u00f6sning som uppfyller lednings\u00e4garens krav.<\/p>\n<p>Redan h\u00e4r tar vi fram en grov kostnadsuppskattning som underlag f\u00f6r beslut att g\u00e5 vidare. Ofta visar det sig att m\u00f6jligheten till besparingar \u00e4r s\u00e5 stor att detta r\u00e4cker som beslutsunderlag. Om best\u00e4llaren \u00f6nskar kan vi projektleda hela projektet &#8211; fr\u00e5n tanke till f\u00e4rdig ledning.<\/p>\n<\/div>\n<ul>\n<li>\n<p>        <img decoding=\"async\" src=\"\/wp-content\/uploads\/2020\/04\/Grenen-v3.jpg\" alt=\"\"><\/p>\n<h3>F\u00f6rstudieprocessen NoDig<\/h3>\n<\/li>\n<li>\n<p>        <img decoding=\"async\" src=\"\/wp-content\/uploads\/2021\/09\/Lundbergs-Trappa-2021.jpg\" alt=\"\"><\/p>\n<h3>Lundbergs trappa<\/h3>\n<\/li>\n<\/ul>\n<p><!--more--><br \/>\n<!-- {\"type\":\"layout\",\"children\":[{\"type\":\"section\",\"props\":{\"style\":\"default\",\"width\":\"large\",\"vertical_align\":\"middle\",\"title_position\":\"top-left\",\"title_rotation\":\"left\",\"title_breakpoint\":\"xl\",\"image_position\":\"center-center\",\"text_color\":\"light\",\"padding\":\"xlarge\",\"image\":\"wp-content\\\/uploads\\\/2019\\\/06\\\/JL_Kontor_2018_161.jpg\",\"image_size\":\"cover\"},\"children\":[{\"type\":\"row\",\"children\":[{\"type\":\"column\",\"props\":{\"image_position\":\"center-center\",\"media_overlay_gradient\":\"\",\"width_medium\":\"1-1\",\"position_sticky_breakpoint\":\"m\"},\"children\":[{\"type\":\"headline\",\"props\":{\"title_element\":\"h1\",\"title_style\":\"heading-small\",\"text_align\":\"center\",\"content\":\"\n\n<h1><strong>Projecting<\\\/strong><\\\/h1>\"}}]}]}]},{\"type\":\"section\",\"props\":{\"style\":\"default\",\"width\":\"large\",\"vertical_align\":\"middle\",\"title_position\":\"top-left\",\"title_rotation\":\"left\",\"title_breakpoint\":\"xl\",\"image_position\":\"center-center\"},\"children\":[{\"type\":\"row\",\"props\":{\"width\":\"xsmall\"},\"children\":[{\"type\":\"column\",\"props\":{\"image_position\":\"center-center\",\"media_overlay_gradient\":\"\",\"width_medium\":\"1-1\",\"position_sticky_breakpoint\":\"m\"},\"children\":[{\"type\":\"text\",\"props\":{\"margin\":\"default\",\"column_breakpoint\":\"m\",\"content\":\"Vi ser det inte som v\\u00e5r uppgift att anv\\u00e4nda schaktfritt till varje pris. N\\u00e4r traditionell schaktning \\u00e4r b\\u00e4st rekommenderar vi sj\\u00e4lvklart detta. Och eftersom schaktfritt kr\\u00e4ver st\\u00f6rre noggrannhet, genomsyrar detta v\\u00e5rt s\\u00e4tt att arbeta.<\\\/p>\\nUnder processen (se figur nedan) \\u00e4r det viktigt att kartl\\u00e4gga alla f\\u00f6ruts\\u00e4ttningar och fakta om projektet. D\\u00e4refter best\\u00e5r arbetet av att v\\u00e4rdera tillg\\u00e4ngliga alternativ och utan f\\u00f6rutfattade meningar ta sig fram till en l\\u00f6sning som fungerar.<\\\/p>\\nVi arbetar alltid efter en stegvis arbetsmodell som vi d\\u00f6pt till \\\"Lundbergs trappa\\\". De f\\u00f6rsta trappstegen - behovsanalys och f\\u00f6rstudie - \\u00e4r viktigast. D\\u00e4r unders\\u00f6ker vi om det \\u00f6verhuvudtaget finns en schaktfri l\\u00f6sning som uppfyller lednings\\u00e4garens krav.<\\\/p>\\nRedan h\\u00e4r tar vi fram en grov kostnadsuppskattning som underlag f\\u00f6r beslut att g\\u00e5 vidare. Ofta visar det sig att m\\u00f6jligheten till besparingar \\u00e4r s\\u00e5 stor att detta r\\u00e4cker som beslutsunderlag. Om best\\u00e4llaren \\u00f6nskar kan vi projektleda hela projektet - fr\\u00e5n tanke till f\\u00e4rdig ledning.<\\\/p>\"}}]}]},{\"type\":\"row\",\"children\":[{\"type\":\"column\",\"props\":{\"image_position\":\"center-center\",\"media_overlay_gradient\":\"\",\"width_medium\":\"1-1\",\"position_sticky_breakpoint\":\"m\"},\"children\":[{\"type\":\"gallery\",\"props\":{\"show_title\":true,\"show_meta\":true,\"show_content\":true,\"show_link\":true,\"show_hover_image\":true,\"grid_default\":\"1\",\"grid_medium\":\"2\",\"filter_style\":\"tab\",\"filter_all\":true,\"filter_position\":\"top\",\"filter_align\":\"left\",\"filter_grid_width\":\"auto\",\"filter_grid_breakpoint\":\"m\",\"overlay_mode\":\"cover\",\"overlay_hover\":true,\"overlay_style\":\"overlay-primary\",\"text_color\":\"light\",\"overlay_position\":\"center\",\"overlay_transition\":\"fade\",\"title_element\":\"h3\",\"meta_style\":\"meta\",\"meta_align\":\"below-title\",\"link_text\":\"\\u00d6ppna\",\"link_style\":\"default\",\"text_align\":\"center\",\"margin\":\"default\",\"item_animation\":true,\"title_display\":\"lightbox\",\"content_display\":\"lightbox\",\"image_box_shadow\":\"large\",\"lightbox\":true,\"title_hover_style\":\"reset\",\"meta_element\":\"div\"},\"children\":[{\"type\":\"gallery_item\",\"props\":{\"image\":\"wp-content\\\/uploads\\\/2020\\\/04\\\/Grenen-v3.jpg\",\"title\":\"F\\u00f6rstudieprocessen NoDig\"}},{\"type\":\"gallery_item\",\"props\":{\"image\":\"wp-content\\\/uploads\\\/2021\\\/09\\\/Lundbergs-Trappa-2021.jpg\",\"title\":\"Lundbergs trappa\"}}],\"name\":\"Illustrationer - Galleri (trappan och processen)\"}]}]}]}],\"version\":\"2.7.19\"} --><\/p>\n","protected":false},"excerpt":{"rendered":"<p>Projecting Vi ser det inte som v\u00e5r uppgift att anv\u00e4nda schaktfritt till varje pris. N\u00e4r traditionell schaktning \u00e4r b\u00e4st rekommenderar vi sj\u00e4lvklart detta. Och eftersom schaktfritt kr\u00e4ver st\u00f6rre noggrannhet, genomsyrar detta v\u00e5rt s\u00e4tt att arbeta. Under processen (se figur nedan) \u00e4r det viktigt att kartl\u00e4gga alla f\u00f6ruts\u00e4ttningar och fakta om projektet. D\u00e4refter best\u00e5r arbetet av [&hellip;]<\/p>\n","protected":false},"author":2,"featured_media":0,"parent":793,"menu_order":0,"comment_status":"closed","ping_status":"closed","template":"","meta":{"footnotes":""},"class_list":["post-799","page","type-page","status-publish","hentry"],"_links":{"self":[{"href":"https:\/\/johanlundberg.se\/en\/wp-json\/wp\/v2\/pages\/799","targetHints":{"allow":["GET"]}}],"collection":[{"href":"https:\/\/johanlundberg.se\/en\/wp-json\/wp\/v2\/pages"}],"about":[{"href":"https:\/\/johanlundberg.se\/en\/wp-json\/wp\/v2\/types\/page"}],"author":[{"embeddable":true,"href":"https:\/\/johanlundberg.se\/en\/wp-json\/wp\/v2\/users\/2"}],"replies":[{"embeddable":true,"href":"https:\/\/johanlundberg.se\/en\/wp-json\/wp\/v2\/comments?post=799"}],"version-history":[{"count":3,"href":"https:\/\/johanlundberg.se\/en\/wp-json\/wp\/v2\/pages\/799\/revisions"}],"predecessor-version":[{"id":3847,"href":"https:\/\/johanlundberg.se\/en\/wp-json\/wp\/v2\/pages\/799\/revisions\/3847"}],"up":[{"embeddable":true,"href":"https:\/\/johanlundberg.se\/en\/wp-json\/wp\/v2\/pages\/793"}],"wp:attachment":[{"href":"https:\/\/johanlundberg.se\/en\/wp-json\/wp\/v2\/media?parent=799"}],"curies":[{"name":"wp","href":"https:\/\/api.w.org\/{rel}","templated":true}]}}