{"id":797,"date":"2020-04-30T08:50:44","date_gmt":"2020-04-30T06:50:44","guid":{"rendered":"https:\/\/johanlundberg.se\/?page_id=797"},"modified":"2021-01-11T17:49:30","modified_gmt":"2021-01-11T16:49:30","slug":"ledningskorsningsavtal","status":"publish","type":"page","link":"https:\/\/johanlundberg.se\/en\/vara-tjanster\/ledningskorsningsavtal\/","title":{"rendered":"Ledningskorsningsavtal"},"content":{"rendered":"<h1><strong>Ledningskorsningsavtal<\/strong><\/h1>\n<div>Trafikverket kr\u00e4ver att den som vill korsa v\u00e4g eller j\u00e4rnv\u00e4g visar att projektet varken p\u00e5verkar trafiken, v\u00e4gen eller j\u00e4rnv\u00e4gen. Ans\u00f6kan om ledningskorsningsavtal ska beskriva vad som ska g\u00f6ras och helst i f\u00f6rv\u00e4g besvara alla de fr\u00e5gor som Trafikverket kan t\u00e4nkas st\u00e4lla.<\/p>\n<\/div>\n<div>En komplett och professionellt uppr\u00e4ttad ans\u00f6kan g\u00e5r snabbare att hantera f\u00f6r Trafikverket, vilket \u00e4r viktigt d\u00e5 det ofta handlar om sn\u00e4va tidsramar.<\/p>\n<p>Johan Lundberg AB \u00e4r experter p\u00e5 ledningskorsningsavtal f\u00f6r j\u00e4rnv\u00e4g. H\u00e4r \u00e4r kraven betydligt h\u00e5rdare \u00e4n vid korsning av v\u00e4g eftersom trafiken inte p\u00e5 samma s\u00e4tt g\u00e5r att leda om.<\/p>\n<p>Sedan 2017 har vi uppr\u00e4ttat uppemot 250 ledningskorsningsavtal. Sj\u00e4lvklart uppr\u00e4ttar vi \u00e4ven avtal f\u00f6r korsning av v\u00e4g.<\/p>\n<\/div>\n<h3>En logisk och helt\u00e4ckande process<\/h3>\n<ul>\n<li>\n<div>1. Vi samlar allt underlag och uppr\u00e4ttar ans\u00f6kan till Trafikverket. Genom att vi har en v\u00e4l genomt\u00e4nkt teknisk l\u00f6sning och \u00e4r v\u00e4l f\u00f6rberedda, blir ans\u00f6kningsprocessen snabb och smidig.<\/p>\n<\/div>\n<\/li>\n<li>\n<div>2. Vi beskriver den valda borrmetoden och varf\u00f6r den \u00e4r l\u00e4mpligast. Vi tar ocks\u00e5 fram de kontrollplaner som kr\u00e4vs.<\/p>\n<\/div>\n<\/li>\n<li>\n<div>3. Vi l\u00e4mnar ifr\u00e5n oss en fullt f\u00e4rdig, projekterad l\u00f6sning som direkt g\u00e5r att bygga efter. Best\u00e4llaren kan sj\u00e4lv handla upp utf\u00f6randet, eller \u00f6verl\u00e5ta upphandling och projektledning till oss.<\/p>\n<\/div>\n<\/li>\n<\/ul>\n<div>\n<h3>Hur l\u00e5ng tid tar det?<\/h3>\n<div>\n<p>V\u00e5r erfarenhet \u00e4r att en komplett och genomt\u00e4nkt ans\u00f6kan hanteras snabbt. Trafikverkets interna handl\u00e4ggningstid \u00e4r f n 60 arbetsdagar. Det finns fallgropar p\u00e5 v\u00e4gen, men om vi kopplas in tidigt s\u00e5 brukar dessa g\u00e5 att undvika. Under ledningsbyggandet \u00e4r bra f\u00f6rberedelser ett villkor eftersom oplanerade problem kan orsaka kostsamma f\u00f6rseningar.\u00a0 Ta d\u00e4rf\u00f6r kontakt med oss omg\u00e5ende. Kontakta i f\u00f6rsta hand David Jacobsson (mail <a href=\"mailto:stefan@johanlundberg.se\">david@johanlundberg.se<\/a> , mobil <a href=\"tel:0046736871044\">46 (0)70-568 71 02<\/a>) som \u00e4r v\u00e5r specialist p\u00e5 ledningskorsningsavtal.<\/p>\n<\/div>\n<\/div>\n<h3>Unikt f\u00f6r Johan Lundberg AB<\/h3>\n<ul>\n<li>\n<div>Att okul\u00e4rbesiktiga platsen \u00e4r en f\u00f6ruts\u00e4ttning f\u00f6r framg\u00e5ng. D\u00e4rf\u00f6r g\u00f6r vi alltid bes\u00f6k p\u00e5 plats f\u00f6r att orientera oss om f\u00f6ruts\u00e4ttningarna.<\/p>\n<\/div>\n<\/li>\n<li>\n<div>Vi kartl\u00e4gger de geotekniska f\u00f6ruts\u00e4ttningarna noggrant, i f\u00f6rsta hand genom arkivs\u00f6kning eller andra databaser.<\/p>\n<\/div>\n<\/li>\n<li>\n<div>Vi v\u00e4ljer den ledningsbyggnadsmetod som \u00e4r b\u00e4st l\u00e4mpad f\u00f6r den aktuella platsen.<\/p>\n<\/div>\n<\/li>\n<li>\n<div>Vi projekterar en teknisk l\u00f6sning som fokuserar p\u00e5 genomf\u00f6rande (schaktgropar, sl\u00e4ntlutningar och sl\u00e4ntstabilitet, tillg\u00e4ngligt arbetsutrymme m.m). Givetvis tar vi alltid h\u00e4nsyn till Trafikverkets riktlinjer och regler, t ex. skyddsavst\u00e5nd till sp\u00e5r, kontaktledningsstolpar och v\u00e4xelanordningar.<\/p>\n<\/div>\n<\/li>\n<\/ul>\n<p><!-- {\"name\":\"Projektering\",\"type\":\"layout\",\"children\":[{\"type\":\"section\",\"props\":{\"style\":\"default\",\"width\":\"default\",\"vertical_align\":\"middle\",\"title_position\":\"top-left\",\"title_rotation\":\"left\",\"title_breakpoint\":\"xl\",\"image_position\":\"center-center\",\"text_color\":\"light\",\"width_expand\":\"\",\"height\":\"\",\"padding\":\"large\",\"header_transparent\":\"\",\"animation\":\"\",\"image\":\"wp-content\\\/uploads\\\/2020\\\/03\\\/jlab-bg-header.jpg\",\"image_size\":\"cover\",\"image_effect\":\"\",\"image_parallax_breakpoint\":\"\",\"image_visibility\":\"\",\"video_width\":\"\",\"video_height\":\"\",\"media_blend_mode\":\"\"},\"children\":[{\"type\":\"row\",\"props\":{\"layout\":\"1-1\",\"breakpoint\":\"m\",\"fixed_width\":\"large\",\"column_gap\":\"\",\"row_gap\":\"\",\"width\":\"\",\"width_expand\":\"\",\"height\":\"\",\"margin\":\"\"},\"children\":[{\"type\":\"column\",\"props\":{\"image_position\":\"center-center\",\"media_overlay_gradient\":\"\",\"vertical_align\":\"\",\"style\":\"\",\"text_color\":\"\",\"padding\":\"\"},\"children\":[{\"type\":\"headline\",\"props\":{\"title_element\":\"h1\",\"title_style\":\"\",\"title_decoration\":\"\",\"title_font_family\":\"\",\"title_color\":\"\",\"position\":\"\",\"position_z_index\":\"\",\"margin\":\"\",\"maxwidth\":\"\",\"maxwidth_breakpoint\":\"\",\"block_align\":\"\",\"block_align_breakpoint\":\"\",\"block_align_fallback\":\"\",\"text_align\":\"center\",\"text_align_breakpoint\":\"\",\"text_align_fallback\":\"\",\"animation\":\"\",\"visibility\":\"\",\"content\":\"<strong>Ledningskorsningsavtal<\\\/strong>\"}}]}]}]},{\"type\":\"section\",\"props\":{\"style\":\"default\",\"width\":\"default\",\"vertical_align\":\"middle\",\"title_position\":\"top-left\",\"title_rotation\":\"left\",\"title_breakpoint\":\"xl\",\"image_position\":\"center-center\",\"text_color\":\"\",\"width_expand\":\"\",\"height\":\"\",\"padding\":\"\",\"header_transparent\":\"\",\"animation\":\"\"},\"children\":[{\"type\":\"row\",\"props\":{\"layout\":\"1-1\",\"breakpoint\":\"m\",\"fixed_width\":\"large\",\"column_gap\":\"\",\"row_gap\":\"\",\"width\":\"xsmall\",\"width_expand\":\"\",\"height\":\"\",\"margin\":\"\"},\"children\":[{\"type\":\"column\",\"props\":{\"image_position\":\"center-center\",\"media_overlay_gradient\":\"\",\"vertical_align\":\"\",\"style\":\"\",\"text_color\":\"\",\"padding\":\"\"},\"children\":[{\"type\":\"text\",\"props\":{\"margin\":\"default\",\"column_breakpoint\":\"m\",\"text_style\":\"lead\",\"text_color\":\"\",\"text_size\":\"\",\"column\":\"\",\"position\":\"\",\"position_z_index\":\"\",\"maxwidth\":\"\",\"maxwidth_breakpoint\":\"\",\"block_align\":\"\",\"block_align_breakpoint\":\"\",\"block_align_fallback\":\"\",\"text_align\":\"\",\"text_align_breakpoint\":\"\",\"text_align_fallback\":\"\",\"animation\":\"\",\"visibility\":\"\",\"content\":\"Trafikverket kr\\u00e4ver att den som vill korsa v\\u00e4g eller j\\u00e4rnv\\u00e4g visar att projektet varken p\\u00e5verkar trafiken, v\\u00e4gen eller j\\u00e4rnv\\u00e4gen. Ans\\u00f6kan om ledningskorsningsavtal ska beskriva vad som ska g\\u00f6ras och helst i f\\u00f6rv\\u00e4g besvara alla de fr\\u00e5gor som Trafikverket kan t\\u00e4nkas st\\u00e4lla.<\\\/p>\"}},{\"type\":\"text\",\"props\":{\"margin\":\"default\",\"column_breakpoint\":\"m\",\"text_style\":\"\",\"text_color\":\"\",\"text_size\":\"\",\"column\":\"\",\"position\":\"\",\"position_z_index\":\"\",\"maxwidth\":\"\",\"maxwidth_breakpoint\":\"\",\"block_align\":\"\",\"block_align_breakpoint\":\"\",\"block_align_fallback\":\"\",\"text_align\":\"\",\"text_align_breakpoint\":\"\",\"text_align_fallback\":\"\",\"animation\":\"\",\"visibility\":\"\",\"content\":\"En komplett och professionellt uppr\\u00e4ttad ans\\u00f6kan g\\u00e5r snabbare att hantera f\\u00f6r Trafikverket, vilket \\u00e4r viktigt d\\u00e5 det ofta handlar om sn\\u00e4va tidsramar.<\\\/p>\\nJohan Lundberg AB \\u00e4r experter p\\u00e5 ledningskorsningsavtal f\\u00f6r j\\u00e4rnv\\u00e4g. H\\u00e4r \\u00e4r kraven betydligt h\\u00e5rdare \\u00e4n vid korsning av v\\u00e4g eftersom trafiken inte p\\u00e5 samma s\\u00e4tt g\\u00e5r att leda om.<\\\/p>\\nSedan 2017 har vi uppr\\u00e4ttat uppemot 250 ledningskorsningsavtal. Sj\\u00e4lvklart uppr\\u00e4ttar vi \\u00e4ven avtal f\\u00f6r korsning av v\\u00e4g.<\\\/p>\"}}]}]},{\"type\":\"row\",\"props\":{\"layout\":\"1-1\",\"breakpoint\":\"m\",\"fixed_width\":\"large\",\"column_gap\":\"\",\"row_gap\":\"\",\"width\":\"xsmall\",\"width_expand\":\"\",\"height\":\"\",\"margin\":\"\"},\"children\":[{\"type\":\"column\",\"props\":{\"image_position\":\"center-center\",\"media_overlay_gradient\":\"\",\"vertical_align\":\"\",\"style\":\"\",\"text_color\":\"\",\"padding\":\"\"},\"children\":[{\"type\":\"headline\",\"props\":{\"title_element\":\"h3\",\"title_style\":\"\",\"title_decoration\":\"\",\"title_font_family\":\"\",\"title_color\":\"\",\"position\":\"\",\"position_z_index\":\"\",\"margin\":\"\",\"maxwidth\":\"\",\"maxwidth_breakpoint\":\"\",\"block_align\":\"\",\"block_align_breakpoint\":\"\",\"block_align_fallback\":\"\",\"text_align\":\"\",\"text_align_breakpoint\":\"\",\"text_align_fallback\":\"\",\"animation\":\"\",\"visibility\":\"\",\"content\":\"En logisk och helt\\u00e4ckande process\"}},{\"type\":\"list\",\"props\":{\"show_image\":true,\"show_link\":true,\"image_svg_color\":\"emphasis\",\"image_align\":\"left\",\"image_vertical_align\":true,\"list_style\":\"divider\",\"content_style\":\"\",\"image_border\":\"\",\"icon_color\":\"\",\"link_style\":\"\",\"position\":\"\",\"position_z_index\":\"\",\"margin\":\"default\",\"maxwidth\":\"\",\"maxwidth_breakpoint\":\"\",\"block_align\":\"\",\"block_align_breakpoint\":\"\",\"block_align_fallback\":\"\",\"text_align\":\"\",\"text_align_breakpoint\":\"\",\"text_align_fallback\":\"\",\"animation\":\"\",\"visibility\":\"\"},\"children\":[{\"type\":\"list_item\",\"props\":{\"icon_color\":\"\",\"content\":\"1. Vi samlar allt underlag och uppr\\u00e4ttar ans\\u00f6kan till Trafikverket. Genom att vi har en v\\u00e4l genomt\\u00e4nkt teknisk l\\u00f6sning och \\u00e4r v\\u00e4l f\\u00f6rberedda, blir ans\\u00f6kningsprocessen snabb och smidig.<\\\/p>\"}},{\"type\":\"list_item\",\"props\":{\"icon_color\":\"\",\"content\":\"2. Vi beskriver den valda borrmetoden och varf\\u00f6r den \\u00e4r l\\u00e4mpligast. Vi tar ocks\\u00e5 fram de kontrollplaner som kr\\u00e4vs.<\\\/p>\"}},{\"type\":\"list_item\",\"props\":{\"icon_color\":\"\",\"content\":\"3. Vi l\\u00e4mnar ifr\\u00e5n oss en fullt f\\u00e4rdig, projekterad l\\u00f6sning som direkt g\\u00e5r att bygga efter. Best\\u00e4llaren kan sj\\u00e4lv handla upp utf\\u00f6randet, eller \\u00f6verl\\u00e5ta upphandling och projektledning till oss.<\\\/p>\"}}]}]}]},{\"type\":\"row\",\"props\":{\"layout\":\"1-1\",\"breakpoint\":\"m\",\"fixed_width\":\"large\",\"column_gap\":\"\",\"row_gap\":\"\",\"width\":\"xsmall\",\"width_expand\":\"\",\"height\":\"\",\"margin\":\"\"},\"children\":[{\"type\":\"column\",\"props\":{\"image_position\":\"center-center\",\"media_overlay_gradient\":\"\",\"vertical_align\":\"\",\"style\":\"\",\"text_color\":\"\",\"padding\":\"\"},\"children\":[{\"type\":\"panel\",\"props\":{\"link_text\":\"Read more\",\"title_hover_style\":\"reset\",\"title_element\":\"h3\",\"title_align\":\"top\",\"title_grid_width\":\"1-2\",\"title_grid_breakpoint\":\"m\",\"meta_style\":\"meta\",\"meta_align\":\"below-title\",\"icon_ratio\":4,\"image_align\":\"top\",\"image_grid_width\":\"1-2\",\"image_grid_breakpoint\":\"m\",\"image_svg_color\":\"emphasis\",\"link_style\":\"default\",\"margin\":\"default\",\"panel_style\":\"\",\"panel_content_padding\":\"\",\"panel_size\":\"\",\"title_style\":\"\",\"title_decoration\":\"\",\"title_font_family\":\"\",\"title_color\":\"\",\"title_grid_column_gap\":\"\",\"title_grid_row_gap\":\"\",\"title_margin\":\"\",\"meta_color\":\"\",\"meta_margin\":\"\",\"content_style\":\"\",\"content_margin\":\"\",\"image_transition\":\"\",\"image_border\":\"\",\"image_box_shadow\":\"\",\"image_hover_box_shadow\":\"\",\"image_box_decoration\":\"\",\"icon_color\":\"\",\"image_grid_column_gap\":\"\",\"image_grid_row_gap\":\"\",\"image_margin\":\"\",\"link_type\":\"\",\"link_size\":\"\",\"link_margin\":\"\",\"position\":\"\",\"position_z_index\":\"\",\"maxwidth\":\"\",\"maxwidth_breakpoint\":\"\",\"block_align\":\"\",\"block_align_breakpoint\":\"\",\"block_align_fallback\":\"\",\"text_align\":\"\",\"text_align_breakpoint\":\"\",\"text_align_fallback\":\"\",\"animation\":\"\",\"visibility\":\"\",\"title\":\"Hur l\\u00e5ng tid tar det?\",\"content\":\"\n\n<p>V\\u00e5r erfarenhet \\u00e4r att en komplett och genomt\\u00e4nkt ans\\u00f6kan hanteras snabbt. Trafikverkets interna handl\\u00e4ggningstid \\u00e4r f n 60 arbetsdagar. Det finns fallgropar p\\u00e5 v\\u00e4gen, men om vi kopplas in tidigt s\\u00e5 brukar dessa g\\u00e5 att undvika. Under ledningsbyggandet \\u00e4r bra f\\u00f6rberedelser ett villkor eftersom oplanerade problem kan orsaka kostsamma f\\u00f6rseningar.\\u00a0 Ta d\\u00e4rf\\u00f6r kontakt med oss omg\\u00e5ende. Kontakta i f\\u00f6rsta hand David Jacobsson (mail <a href=\\\"mailto:stefan@johanlundberg.se\\\">david@johanlundberg.se<\\\/a> , mobil <a href=\\\"tel:0046736871044\\\">46 (0)70-568 71 02<\\\/a>) som \\u00e4r v\\u00e5r specialist p\\u00e5 ledningskorsningsavtal.<\\\/p>\"}}]}]},{\"type\":\"row\",\"props\":{\"layout\":\"1-1\",\"breakpoint\":\"m\",\"fixed_width\":\"large\",\"column_gap\":\"\",\"row_gap\":\"\",\"width\":\"xsmall\",\"width_expand\":\"\",\"height\":\"\",\"margin\":\"\"},\"children\":[{\"type\":\"column\",\"props\":{\"image_position\":\"center-center\",\"media_overlay_gradient\":\"\",\"vertical_align\":\"\",\"style\":\"muted\",\"text_color\":\"\",\"padding\":\"\"},\"children\":[{\"type\":\"headline\",\"props\":{\"title_element\":\"h3\",\"title_style\":\"\",\"title_decoration\":\"\",\"title_font_family\":\"\",\"title_color\":\"\",\"position\":\"\",\"position_z_index\":\"\",\"margin\":\"\",\"maxwidth\":\"\",\"maxwidth_breakpoint\":\"\",\"block_align\":\"\",\"block_align_breakpoint\":\"\",\"block_align_fallback\":\"\",\"text_align\":\"\",\"text_align_breakpoint\":\"\",\"text_align_fallback\":\"\",\"animation\":\"\",\"visibility\":\"\",\"content\":\"Unikt f\\u00f6r Johan Lundberg AB\"}},{\"type\":\"list\",\"props\":{\"show_image\":true,\"show_link\":true,\"image_svg_color\":\"emphasis\",\"image_align\":\"left\",\"image_vertical_align\":true,\"list_style\":\"bullet\",\"content_style\":\"\",\"image_border\":\"\",\"icon_color\":\"\",\"link_style\":\"\",\"position\":\"\",\"position_z_index\":\"\",\"margin\":\"\",\"maxwidth\":\"\",\"maxwidth_breakpoint\":\"\",\"block_align\":\"\",\"block_align_breakpoint\":\"\",\"block_align_fallback\":\"\",\"text_align\":\"\",\"text_align_breakpoint\":\"\",\"text_align_fallback\":\"\",\"animation\":\"\",\"visibility\":\"\"},\"children\":[{\"type\":\"list_item\",\"props\":{\"icon_color\":\"\",\"content\":\"Att okul\\u00e4rbesiktiga platsen \\u00e4r en f\\u00f6ruts\\u00e4ttning f\\u00f6r framg\\u00e5ng. D\\u00e4rf\\u00f6r g\\u00f6r vi alltid bes\\u00f6k p\\u00e5 plats f\\u00f6r att orientera oss om f\\u00f6ruts\\u00e4ttningarna.<\\\/p>\"}},{\"type\":\"list_item\",\"props\":{\"icon_color\":\"\",\"content\":\"Vi kartl\\u00e4gger de geotekniska f\\u00f6ruts\\u00e4ttningarna noggrant, i f\\u00f6rsta hand genom arkivs\\u00f6kning eller andra databaser.<\\\/p>\"}},{\"type\":\"list_item\",\"props\":{\"icon_color\":\"\",\"content\":\"Vi v\\u00e4ljer den ledningsbyggnadsmetod som \\u00e4r b\\u00e4st l\\u00e4mpad f\\u00f6r den aktuella platsen.<\\\/p>\"}},{\"type\":\"list_item\",\"props\":{\"icon_color\":\"\",\"content\":\"Vi projekterar en teknisk l\\u00f6sning som fokuserar p\\u00e5 genomf\\u00f6rande (schaktgropar, sl\\u00e4ntlutningar och sl\\u00e4ntstabilitet, tillg\\u00e4ngligt arbetsutrymme m.m). Givetvis tar vi alltid h\\u00e4nsyn till Trafikverkets riktlinjer och regler, t ex. skyddsavst\\u00e5nd till sp\\u00e5r, kontaktledningsstolpar och v\\u00e4xelanordningar.<\\\/p>\"}}]}]}]}]}],\"version\":\"1.22.8\",\"props\":[]} --><\/p>\n","protected":false},"excerpt":{"rendered":"<p>Ledningskorsningsavtal Trafikverket kr\u00e4ver att den som vill korsa v\u00e4g eller j\u00e4rnv\u00e4g visar att projektet varken p\u00e5verkar trafiken, v\u00e4gen eller j\u00e4rnv\u00e4gen. Ans\u00f6kan om ledningskorsningsavtal ska beskriva vad som ska g\u00f6ras och helst i f\u00f6rv\u00e4g besvara alla de fr\u00e5gor som Trafikverket kan t\u00e4nkas st\u00e4lla. En komplett och professionellt uppr\u00e4ttad ans\u00f6kan g\u00e5r snabbare att hantera f\u00f6r Trafikverket, vilket [&hellip;]<\/p>\n","protected":false},"author":2,"featured_media":0,"parent":793,"menu_order":0,"comment_status":"closed","ping_status":"closed","template":"","meta":{"footnotes":""},"class_list":["post-797","page","type-page","status-publish","hentry"],"_links":{"self":[{"href":"https:\/\/johanlundberg.se\/en\/wp-json\/wp\/v2\/pages\/797","targetHints":{"allow":["GET"]}}],"collection":[{"href":"https:\/\/johanlundberg.se\/en\/wp-json\/wp\/v2\/pages"}],"about":[{"href":"https:\/\/johanlundberg.se\/en\/wp-json\/wp\/v2\/types\/page"}],"author":[{"embeddable":true,"href":"https:\/\/johanlundberg.se\/en\/wp-json\/wp\/v2\/users\/2"}],"replies":[{"embeddable":true,"href":"https:\/\/johanlundberg.se\/en\/wp-json\/wp\/v2\/comments?post=797"}],"version-history":[{"count":3,"href":"https:\/\/johanlundberg.se\/en\/wp-json\/wp\/v2\/pages\/797\/revisions"}],"predecessor-version":[{"id":2527,"href":"https:\/\/johanlundberg.se\/en\/wp-json\/wp\/v2\/pages\/797\/revisions\/2527"}],"up":[{"embeddable":true,"href":"https:\/\/johanlundberg.se\/en\/wp-json\/wp\/v2\/pages\/793"}],"wp:attachment":[{"href":"https:\/\/johanlundberg.se\/en\/wp-json\/wp\/v2\/media?parent=797"}],"curies":[{"name":"wp","href":"https:\/\/api.w.org\/{rel}","templated":true}]}}