{"id":795,"date":"2020-04-30T08:50:26","date_gmt":"2020-04-30T06:50:26","guid":{"rendered":"https:\/\/johanlundberg.se\/?page_id=795"},"modified":"2022-03-29T11:14:55","modified_gmt":"2022-03-29T09:14:55","slug":"forstudie","status":"publish","type":"page","link":"https:\/\/johanlundberg.se\/en\/vara-tjanster\/forstudie\/","title":{"rendered":"F\u00f6rstudie"},"content":{"rendered":"<h1>\n<h1>Pre study<\/h1>\n<\/h1>\n<div>Genom att v\u00e4lja schaktfritt g\u00e5r det b\u00e5de att spara stora pengar och att minska milj\u00f6p\u00e5verkan rej\u00e4lt. Schaktfria projekt \u00e4r dock alltid f\u00f6renade med en viss risk &#8211; att anv\u00e4nda fel metod p\u00e5 fel plats kan bli mycket kostsamt. Och misstag orsakar extrakostnader p\u00e5 flera olika s\u00e4tt:<\/p>\n<\/div>\n<ul>\n<li>\n<div>Merarbete genom att best\u00e4llaren tvingas betala f\u00f6r det misslyckade f\u00f6rs\u00f6ket.<\/p>\n<\/div>\n<\/li>\n<li>\n<div>Byte till kostsammare metod som inte \u00e4r konkurrensutsatt.<\/p>\n<\/div>\n<\/li>\n<li>\n<div>Tidsf\u00f6rlust, plus att abonnenter\/konsumenter drabbas och f\u00e5r v\u00e4nta p\u00e5 projektets omstart.<\/p>\n<\/div>\n<\/li>\n<\/ul>\n<div>Kloka best\u00e4llare skaffar sig b\u00e4sta m\u00f6jliga beslutsunderlag tidigt genom att l\u00e5ta oss g\u00f6ra en f\u00f6rstudie. Vi utg\u00e5r fr\u00e5n de f\u00f6ruts\u00e4ttningar som \u00e4r k\u00e4nda och besvarar k\u00e4rnfr\u00e5gorna:<\/p>\n<\/div>\n<ul>\n<li>\n<div>Finns ett schaktfritt alternativ?<\/p>\n<\/div>\n<\/li>\n<li>\n<div>Hur kan det se ut?<\/p>\n<\/div>\n<\/li>\n<li>\n<div>Vad blir kostnaden?<\/p>\n<\/div>\n<\/li>\n<li>\n<div>Hur minskar man de risker som finns i projektet?<\/p>\n<\/div>\n<\/li>\n<\/ul>\n<div>V\u00e5r f\u00f6rstudie underl\u00e4ttar f\u00f6r best\u00e4llaren att fatta r\u00e4tt beslut, och reducerar risken f\u00f6r tekniska, milj\u00f6m\u00e4ssiga eller ekonomiska \u00f6verraskningar under projektering, upphandling och genomf\u00f6rande.<\/p>\n<p>Att g\u00f6ra r\u00e4tt ifr\u00e5n b\u00f6rjan betyder alltid stora besparingar. Och i j\u00e4mf\u00f6relse med bara n\u00e5gon dags oplanerat stillest\u00e5nd i projektet, \u00e4r f\u00f6rstudien billig.<\/p>\n<\/div>\n<p><!--more--><br \/>\n<!-- {\"name\":\"Projektering\",\"type\":\"layout\",\"children\":[{\"type\":\"section\",\"props\":{\"style\":\"default\",\"width\":\"large\",\"vertical_align\":\"middle\",\"title_position\":\"top-left\",\"title_rotation\":\"left\",\"title_breakpoint\":\"xl\",\"image_position\":\"center-center\",\"text_color\":\"light\",\"padding\":\"large\",\"image\":\"wp-content\\\/uploads\\\/2019\\\/06\\\/JL_Kontor_2018_161.jpg\"},\"children\":[{\"type\":\"row\",\"children\":[{\"type\":\"column\",\"props\":{\"image_position\":\"center-center\",\"media_overlay_gradient\":\"\",\"width_medium\":\"1-1\",\"position_sticky_breakpoint\":\"m\"},\"children\":[{\"type\":\"headline\",\"props\":{\"title_element\":\"h1\",\"text_align\":\"center\",\"content\":\"\n\n<h1>Pre study<\\\/h1>\"}}]}]}]},{\"type\":\"section\",\"props\":{\"style\":\"default\",\"width\":\"large\",\"vertical_align\":\"middle\",\"title_position\":\"top-left\",\"title_rotation\":\"left\",\"title_breakpoint\":\"xl\",\"image_position\":\"center-center\"},\"children\":[{\"type\":\"row\",\"props\":{\"width\":\"xsmall\"},\"children\":[{\"type\":\"column\",\"props\":{\"image_position\":\"center-center\",\"media_overlay_gradient\":\"\",\"width_medium\":\"1-1\",\"position_sticky_breakpoint\":\"m\"},\"children\":[{\"type\":\"text\",\"props\":{\"margin\":\"default\",\"column_breakpoint\":\"m\",\"content\":\"Genom att v\\u00e4lja schaktfritt g\\u00e5r det b\\u00e5de att spara stora pengar och att minska milj\\u00f6p\\u00e5verkan rej\\u00e4lt. Schaktfria projekt \\u00e4r dock alltid f\\u00f6renade med en viss risk - att anv\\u00e4nda fel metod p\\u00e5 fel plats kan bli mycket kostsamt. Och misstag orsakar extrakostnader p\\u00e5 flera olika s\\u00e4tt:<\\\/p>\"}},{\"type\":\"list\",\"props\":{\"show_image\":true,\"show_link\":true,\"image_svg_color\":\"emphasis\",\"image_align\":\"left\",\"image_vertical_align\":true,\"list_marker\":\"bullet\",\"list_size\":\"\",\"list_type\":\"vertical\",\"list_element\":\"ul\",\"list_horizontal_separator\":\", \",\"column_breakpoint\":\"m\"},\"children\":[{\"type\":\"list_item\",\"props\":{\"content\":\"Merarbete genom att best\\u00e4llaren tvingas betala f\\u00f6r det misslyckade f\\u00f6rs\\u00f6ket.<\\\/p>\"}},{\"type\":\"list_item\",\"props\":{\"content\":\"Byte till kostsammare metod som inte \\u00e4r konkurrensutsatt.<\\\/p>\"}},{\"type\":\"list_item\",\"props\":{\"content\":\"Tidsf\\u00f6rlust, plus att abonnenter\\\/konsumenter drabbas och f\\u00e5r v\\u00e4nta p\\u00e5 projektets omstart.<\\\/p>\"}}]},{\"type\":\"text\",\"props\":{\"margin\":\"default\",\"column_breakpoint\":\"m\",\"content\":\"Kloka best\\u00e4llare skaffar sig b\\u00e4sta m\\u00f6jliga beslutsunderlag tidigt genom att l\\u00e5ta oss g\\u00f6ra en f\\u00f6rstudie. Vi utg\\u00e5r fr\\u00e5n de f\\u00f6ruts\\u00e4ttningar som \\u00e4r k\\u00e4nda och besvarar k\\u00e4rnfr\\u00e5gorna:<\\\/p>\"}},{\"type\":\"list\",\"props\":{\"show_image\":true,\"show_link\":true,\"image_svg_color\":\"emphasis\",\"image_align\":\"left\",\"image_vertical_align\":true,\"list_marker\":\"bullet\",\"list_size\":\"\",\"list_type\":\"vertical\",\"list_element\":\"ul\",\"list_horizontal_separator\":\", \",\"column_breakpoint\":\"m\"},\"children\":[{\"type\":\"list_item\",\"props\":{\"content\":\"Finns ett schaktfritt alternativ?<\\\/p>\"}},{\"type\":\"list_item\",\"props\":{\"content\":\"Hur kan det se ut?<\\\/p>\"}},{\"type\":\"list_item\",\"props\":{\"content\":\"Vad blir kostnaden?<\\\/p>\"}},{\"type\":\"list_item\",\"props\":{\"content\":\"Hur minskar man de risker som finns i projektet?<\\\/p>\"}}]},{\"type\":\"text\",\"props\":{\"margin\":\"default\",\"column_breakpoint\":\"m\",\"content\":\"V\\u00e5r f\\u00f6rstudie underl\\u00e4ttar f\\u00f6r best\\u00e4llaren att fatta r\\u00e4tt beslut, och reducerar risken f\\u00f6r tekniska, milj\\u00f6m\\u00e4ssiga eller ekonomiska \\u00f6verraskningar under projektering, upphandling och genomf\\u00f6rande.<\\\/p>\\nAtt g\\u00f6ra r\\u00e4tt ifr\\u00e5n b\\u00f6rjan betyder alltid stora besparingar. Och i j\\u00e4mf\\u00f6relse med bara n\\u00e5gon dags oplanerat stillest\\u00e5nd i projektet, \\u00e4r f\\u00f6rstudien billig.<\\\/p>\"}}]}]}]}],\"version\":\"2.7.19\"} --><\/p>\n","protected":false},"excerpt":{"rendered":"<p>Pre study Genom att v\u00e4lja schaktfritt g\u00e5r det b\u00e5de att spara stora pengar och att minska milj\u00f6p\u00e5verkan rej\u00e4lt. Schaktfria projekt \u00e4r dock alltid f\u00f6renade med en viss risk &#8211; att anv\u00e4nda fel metod p\u00e5 fel plats kan bli mycket kostsamt. Och misstag orsakar extrakostnader p\u00e5 flera olika s\u00e4tt: Merarbete genom att best\u00e4llaren tvingas betala f\u00f6r [&hellip;]<\/p>\n","protected":false},"author":2,"featured_media":0,"parent":793,"menu_order":0,"comment_status":"closed","ping_status":"closed","template":"","meta":{"footnotes":""},"class_list":["post-795","page","type-page","status-publish","hentry"],"_links":{"self":[{"href":"https:\/\/johanlundberg.se\/en\/wp-json\/wp\/v2\/pages\/795","targetHints":{"allow":["GET"]}}],"collection":[{"href":"https:\/\/johanlundberg.se\/en\/wp-json\/wp\/v2\/pages"}],"about":[{"href":"https:\/\/johanlundberg.se\/en\/wp-json\/wp\/v2\/types\/page"}],"author":[{"embeddable":true,"href":"https:\/\/johanlundberg.se\/en\/wp-json\/wp\/v2\/users\/2"}],"replies":[{"embeddable":true,"href":"https:\/\/johanlundberg.se\/en\/wp-json\/wp\/v2\/comments?post=795"}],"version-history":[{"count":2,"href":"https:\/\/johanlundberg.se\/en\/wp-json\/wp\/v2\/pages\/795\/revisions"}],"predecessor-version":[{"id":3849,"href":"https:\/\/johanlundberg.se\/en\/wp-json\/wp\/v2\/pages\/795\/revisions\/3849"}],"up":[{"embeddable":true,"href":"https:\/\/johanlundberg.se\/en\/wp-json\/wp\/v2\/pages\/793"}],"wp:attachment":[{"href":"https:\/\/johanlundberg.se\/en\/wp-json\/wp\/v2\/media?parent=795"}],"curies":[{"name":"wp","href":"https:\/\/api.w.org\/{rel}","templated":true}]}}