{"id":791,"date":"2020-04-30T08:49:16","date_gmt":"2020-04-30T06:49:16","guid":{"rendered":"https:\/\/johanlundberg.se\/?page_id=791"},"modified":"2026-04-28T09:59:31","modified_gmt":"2026-04-28T07:59:31","slug":"vara-hjalpmedel","status":"publish","type":"page","link":"https:\/\/johanlundberg.se\/en\/vara-hjalpmedel\/","title":{"rendered":"V\u00e5ra hj\u00e4lpmedel"},"content":{"rendered":"<h1>\n<h1>Our tools &amp; methods<\/h1>\n<\/h1>\n<h1>V\u00e5ra b\u00f6cker<\/h1>\n<p><img decoding=\"async\" src=\"\/wp-content\/uploads\/2020\/03\/3909_web.jpg\" alt=\"\"><\/p>\n<h1>Schaktfritt<\/h1>\n<div>Handboken <strong>\u201dSCHAKTFRITT\u201d<\/strong> \u00e4r en enkel grundbok som v\u00e4nder sig till dig som vill f\u00e5 en uppfattning om de tekniska, tidsm\u00e4ssiga, ekonomiska och milj\u00f6m\u00e4ssiga f\u00f6rdelarna med schaktfritt ledningsbyggande och ledningsrenovering.<\/p>\n<p>Boken \u00e4r rikt illustrerad och presenterar \u00e4ven merparten av de schaktfria metoder som \u00e4r kommersiellt tillg\u00e4ngliga p\u00e5 den svenska marknaden idag.<\/p>\n<p>Du f\u00e5r ocks\u00e5 tekniska fakta kring metodvalet, samt en genomg\u00e5ng av de viktigaste applikationerna f\u00f6r schaktfri teknik.<\/p>\n<\/div>\n<ul>\n<li>\n<p>        <img decoding=\"async\" src=\"\/wp-content\/uploads\/2020\/03\/3904_web.jpg\" alt=\"\"><\/p>\n<\/li>\n<li>\n<p>        <img decoding=\"async\" src=\"\/wp-content\/uploads\/2020\/03\/3905_web.jpg\" alt=\"\"><\/p>\n<\/li>\n<li>\n<p>        <img decoding=\"async\" src=\"\/wp-content\/uploads\/2020\/03\/3907_web.jpg\" alt=\"\"><\/p>\n<\/li>\n<\/ul>\n<p><img decoding=\"async\" src=\"\/wp-content\/uploads\/2020\/04\/Bredband-a%CC%8At-folket_ny__web.jpg\" alt=\"\"><\/p>\n<h1>Bredband \u00e5t folket<\/h1>\n<div>Handboken <strong>\u201dBREDBAND \u00c5T FOLKET\u201d<\/strong> v\u00e4nder sig fr\u00e4mst till dig som ska bygga eller handla upp ledningsn\u00e4t f\u00f6r bredband. Boken behandlar de tekniska, tidsm\u00e4ssiga, ekonomiska och milj\u00f6m\u00e4ssiga f\u00f6rdelarna med schaktfritt ledningsbyggande och ledningsrenovering.<\/p>\n<p>Boken \u00e4r rikt illustrerad och presenterar merparten av de schaktfria metoder som \u00e4r aktuella vid bygge av bredbandsn\u00e4t, inklusive n\u00e4rliggande s.k. gr\u00e4vfria metoder som fr\u00e4sning och pl\u00f6jning.<\/p>\n<p>Du f\u00e5r ocks\u00e5 tekniska fakta kring metodvalet, samt en genomg\u00e5ng av de viktigaste applikationerna f\u00f6r schaktfri teknik i samband med bygge av bredbandsn\u00e4t.<\/p>\n<\/div>\n<ul>\n<li>\n<p>        <img decoding=\"async\" src=\"\/wp-content\/uploads\/2020\/03\/3902_web.jpg\" alt=\"\"><\/p>\n<\/li>\n<li>\n<p>        <img decoding=\"async\" src=\"\/wp-content\/uploads\/2020\/03\/3903_web.jpg\" alt=\"\"><\/p>\n<\/li>\n<\/ul>\n<h2>Din best\u00e4llning<\/h2>\n<div>\n\n<div class=\"wpcf7 no-js\" id=\"wpcf7-f460-o1\" lang=\"sv-SE\" dir=\"ltr\" data-wpcf7-id=\"460\">\n<div class=\"screen-reader-response\"><p role=\"status\" aria-live=\"polite\" aria-atomic=\"true\"><\/p> <ul><\/ul><\/div>\n<form action=\"\/en\/wp-json\/wp\/v2\/pages\/791#wpcf7-f460-o1\" method=\"post\" class=\"wpcf7-form init\" aria-label=\"Kontaktformul\u00e4r\" novalidate=\"novalidate\" data-status=\"init\">\n<fieldset class=\"hidden-fields-container\"><input type=\"hidden\" name=\"_wpcf7\" value=\"460\" \/><input type=\"hidden\" name=\"_wpcf7_version\" value=\"6.1.5\" \/><input type=\"hidden\" name=\"_wpcf7_locale\" value=\"sv_SE\" \/><input type=\"hidden\" name=\"_wpcf7_unit_tag\" value=\"wpcf7-f460-o1\" \/><input type=\"hidden\" name=\"_wpcf7_container_post\" value=\"0\" \/><input type=\"hidden\" name=\"_wpcf7_posted_data_hash\" value=\"\" \/><input type=\"hidden\" name=\"_wpcf7_recaptcha_response\" value=\"\" \/>\n<\/fieldset>\n<div uk-grid>\n\t<div class=\"uk-width-1-2@m\">\n\t\t<div class=\"uk-text-lead\">\n\t\t\t<p>Jag vill best\u00e4lla Johan Lundbergs handbok <strong>\"Bredband \u00e5t folket!\"<\/strong> f\u00f6r 100kr\/st exkl. moms + frakt!\n\t\t\t<\/p>\n\t\t<\/div>\n\t\t<p><label> Antal <span class=\"wpcf7-form-control-wrap\" data-name=\"amount_book_bbaf\"><input size=\"40\" maxlength=\"400\" class=\"wpcf7-form-control wpcf7-text uk-input uk-form-width-xsmall\" aria-invalid=\"false\" placeholder=\"0\" value=\"\" type=\"text\" name=\"amount_book_bbaf\" \/><\/span> <\/label>\n\t\t<\/p>\n\t\t<div class=\"uk-text-lead\">\n\t\t\t<p>Jag vill best\u00e4lla Johan Lundbergs handbok <strong>\"Schaktfritt\"<\/strong> f\u00f6r 100kr\/st exkl. moms + frakt!\n\t\t\t<\/p>\n\t\t<\/div>\n\t\t<p><label> Antal <span class=\"wpcf7-form-control-wrap\" data-name=\"amount_book_schaktfritt\"><input size=\"40\" maxlength=\"400\" class=\"wpcf7-form-control wpcf7-text uk-input uk-form-width-xsmall\" aria-invalid=\"false\" placeholder=\"0\" value=\"\" type=\"text\" name=\"amount_book_schaktfritt\" \/><\/span> <\/label>\n\t\t<\/p>\n\t\t<h3>Uppgifter\n\t\t<\/h3>\n\t\t<p><label> Fullst\u00e4ndigt namn *<br \/>\n<span class=\"wpcf7-form-control-wrap\" data-name=\"your-name\"><input size=\"40\" maxlength=\"400\" class=\"wpcf7-form-control wpcf7-text wpcf7-validates-as-required uk-input\" aria-required=\"true\" aria-invalid=\"false\" value=\"\" type=\"text\" name=\"your-name\" \/><\/span> <\/label>\n\t\t<\/p>\n\t\t<p><label> Befattning<br \/>\n<span class=\"wpcf7-form-control-wrap\" data-name=\"role\"><input size=\"40\" maxlength=\"400\" class=\"wpcf7-form-control wpcf7-text uk-input\" aria-invalid=\"false\" value=\"\" type=\"text\" name=\"role\" \/><\/span> <\/label>\n\t\t<\/p>\n\t\t<p><label> E-post *<br \/>\n<span class=\"wpcf7-form-control-wrap\" data-name=\"your-email\"><input size=\"40\" maxlength=\"400\" class=\"wpcf7-form-control wpcf7-email wpcf7-validates-as-required wpcf7-text wpcf7-validates-as-email uk-input\" aria-required=\"true\" aria-invalid=\"false\" value=\"\" type=\"email\" name=\"your-email\" \/><\/span> <\/label>\n\t\t<\/p>\n\t\t<p><label> Telefon\/Mobil *<br \/>\n<span class=\"wpcf7-form-control-wrap\" data-name=\"phone\"><input size=\"40\" maxlength=\"400\" class=\"wpcf7-form-control wpcf7-text wpcf7-validates-as-required uk-input\" aria-required=\"true\" aria-invalid=\"false\" value=\"\" type=\"text\" name=\"phone\" \/><\/span> <\/label>\n\t\t<\/p>\n\t<\/div>\n\t<div class=\"uk-width-1-2@m\">\n\t\t<h4>Fakturaadress\n\t\t<\/h4>\n\t\t<p><label> F\u00f6retag *<br \/>\n<span class=\"wpcf7-form-control-wrap\" data-name=\"company\"><input size=\"40\" maxlength=\"400\" class=\"wpcf7-form-control wpcf7-text wpcf7-validates-as-required uk-input\" aria-required=\"true\" aria-invalid=\"false\" value=\"\" type=\"text\" name=\"company\" \/><\/span> <\/label>\n\t\t<\/p>\n\t\t<div uk-grid>\n\t\t\t<div class=\"uk-width-1-1\">\n\t\t\t\t<p><label> Fakturaadress *<br \/>\n<span class=\"wpcf7-form-control-wrap\" data-name=\"invoice-address\"><input size=\"40\" maxlength=\"400\" class=\"wpcf7-form-control wpcf7-text wpcf7-validates-as-required uk-input\" aria-required=\"true\" aria-invalid=\"false\" placeholder=\"Adress\" value=\"\" type=\"text\" name=\"invoice-address\" \/><\/span> <\/label>\n\t\t\t\t<\/p>\n\t\t\t<\/div>\n\t\t\t<div class=\"uk-width-1-2@m\">\n\t\t\t\t<p><span class=\"wpcf7-form-control-wrap\" data-name=\"invoice-zip\"><input size=\"40\" maxlength=\"400\" class=\"wpcf7-form-control wpcf7-text wpcf7-validates-as-required uk-input\" aria-required=\"true\" aria-invalid=\"false\" placeholder=\"Postnummer\" value=\"\" type=\"text\" name=\"invoice-zip\" \/><\/span>\n\t\t\t\t<\/p>\n\t\t\t<\/div>\n\t\t\t<div class=\"uk-width-1-2@m\">\n\t\t\t\t<p><span class=\"wpcf7-form-control-wrap\" data-name=\"invoice-city\"><input size=\"40\" maxlength=\"400\" class=\"wpcf7-form-control wpcf7-text wpcf7-validates-as-required uk-input\" aria-required=\"true\" aria-invalid=\"false\" placeholder=\"Ort\" value=\"\" type=\"text\" name=\"invoice-city\" \/><\/span>\n\t\t\t\t<\/p>\n\t\t\t<\/div>\n\t\t<\/div>\n\t\t<p><label> E-post f\u00f6r fakturering<br \/>\n<span class=\"wpcf7-form-control-wrap\" data-name=\"invoice-email\"><input size=\"40\" maxlength=\"400\" class=\"wpcf7-form-control wpcf7-email wpcf7-text wpcf7-validates-as-email uk-input\" aria-invalid=\"false\" value=\"\" type=\"email\" name=\"invoice-email\" \/><\/span> <\/label>\n\t\t<\/p>\n\t\t<h4>Leveransadress\n\t\t<\/h4>\n\t\t<p><span class=\"wpcf7-form-control-wrap\" data-name=\"sammaadress\"><span class=\"wpcf7-form-control wpcf7-checkbox\"><span class=\"wpcf7-list-item first last\"><input type=\"checkbox\" name=\"sammaadress[]\" value=\"Leveransadress \u00e4r samma som fakturaadress\" checked=\"checked\" \/><span class=\"wpcf7-list-item-label\">Leveransadress \u00e4r samma som fakturaadress<\/span><\/span><\/span><\/span>\n\t\t<\/p>\n\t\t<div uk-grid>\n\t\t\t<div class=\"uk-width-1-1\">\n\t\t\t\t<p><label> Leveransadress *<br \/>\n<span class=\"wpcf7-form-control-wrap\" data-name=\"delivery-address\"><input size=\"40\" maxlength=\"400\" class=\"wpcf7-form-control wpcf7-text uk-input\" aria-invalid=\"false\" placeholder=\"Adress\" value=\"\" type=\"text\" name=\"delivery-address\" \/><\/span> <\/label>\n\t\t\t\t<\/p>\n\t\t\t<\/div>\n\t\t\t<div class=\"uk-width-1-2@m\">\n\t\t\t\t<p><span class=\"wpcf7-form-control-wrap\" data-name=\"delivery-zip\"><input size=\"40\" maxlength=\"400\" class=\"wpcf7-form-control wpcf7-text uk-input\" aria-invalid=\"false\" placeholder=\"Postnummer\" value=\"\" type=\"text\" name=\"delivery-zip\" \/><\/span>\n\t\t\t\t<\/p>\n\t\t\t<\/div>\n\t\t\t<div class=\"uk-width-1-2@m\">\n\t\t\t\t<p><span class=\"wpcf7-form-control-wrap\" data-name=\"delivery-city\"><input size=\"40\" maxlength=\"400\" class=\"wpcf7-form-control wpcf7-text uk-input\" aria-invalid=\"false\" placeholder=\"Ort\" value=\"\" type=\"text\" name=\"delivery-city\" \/><\/span>\n\t\t\t\t<\/p>\n\t\t\t<\/div>\n\t\t<\/div>\n\t\t<h4>\u00d6vriga upplysningar\n\t\t<\/h4>\n\t\t<p><span class=\"wpcf7-form-control-wrap\" data-name=\"ovrigaupplysningar\"><input size=\"40\" maxlength=\"400\" class=\"wpcf7-form-control wpcf7-text uk-input\" aria-invalid=\"false\" placeholder=\"\" value=\"\" type=\"text\" name=\"ovrigaupplysningar\" \/><\/span>\n\t\t<\/p>\n\t\t<p><span class=\"wpcf7-form-control-wrap\" data-name=\"acceptance-918\"><span class=\"wpcf7-form-control wpcf7-acceptance\"><span class=\"wpcf7-list-item\"><label><input type=\"checkbox\" name=\"acceptance-918\" value=\"1\" aria-invalid=\"false\" \/><span class=\"wpcf7-list-item-label\">Jag godk\u00e4nner att mina personuppgifter som jag angett ovan sparas och hanteras enligt <a href=\"\/integritetspolicy-2\/\">f\u00f6ljande villkor<\/a>.<\/span><\/label><\/span><\/span><\/span>\n\t\t<\/p>\n\t\t<p><span class=\"wpcf7-form-control-wrap\" data-name=\"acceptance-100\"><span class=\"wpcf7-form-control wpcf7-acceptance optional\"><span class=\"wpcf7-list-item\"><label><input type=\"checkbox\" name=\"acceptance-100\" value=\"1\" aria-invalid=\"false\" \/><span class=\"wpcf7-list-item-label\">Skicka mig g\u00e4rna ert nyhetsbrev.<\/span><\/label><\/span><\/span><\/span>\n\t\t<\/p>\n\t<\/div>\n<\/div>\n<div class=\"uk-margin-large uk-text-center\">\n\t<p><input class=\"wpcf7-form-control wpcf7-submit has-spinner uk-button uk-button-primary uk-button-large uk-width-1-2\" type=\"submit\" value=\"Skicka\" \/>\n\t<\/p>\n<\/div><div class=\"wpcf7-response-output\" aria-hidden=\"true\"><\/div>\n<\/form>\n<\/div>\n<\/div>\n<p><!--more--><br \/>\n<!-- {\"type\":\"layout\",\"children\":[{\"type\":\"section\",\"props\":{\"image_position\":\"center-center\",\"style\":\"default\",\"title_breakpoint\":\"xl\",\"title_position\":\"top-left\",\"title_rotation\":\"left\",\"vertical_align\":\"\",\"width\":\"large\"},\"children\":[{\"type\":\"row\",\"children\":[{\"type\":\"column\",\"props\":{\"image_position\":\"center-center\",\"position_sticky_breakpoint\":\"m\",\"width_medium\":\"1-1\"},\"children\":[{\"type\":\"headline\",\"props\":{\"content\":\"\n\n<h1>Our tools &amp; methods<\\\/h1>\",\"text_align\":\"center\",\"title_element\":\"h1\"}}]}]}]},{\"type\":\"section\",\"props\":{\"image_position\":\"center-center\",\"padding\":\"large\",\"style\":\"default\",\"title_breakpoint\":\"xl\",\"title_position\":\"top-left\",\"title_rotation\":\"left\",\"vertical_align\":\"\",\"width\":\"large\"},\"children\":[{\"type\":\"row\",\"children\":[{\"type\":\"column\",\"props\":{\"image_position\":\"center-center\",\"position_sticky_breakpoint\":\"m\",\"width_medium\":\"1-1\"},\"children\":[{\"type\":\"headline\",\"props\":{\"content\":\"V\\u00e5ra b\\u00f6cker\",\"text_align\":\"center\",\"title_element\":\"h1\"}}]}]},{\"type\":\"row\",\"props\":{\"layout\":\"1-2,1-2\"},\"children\":[{\"type\":\"column\",\"props\":{\"image_position\":\"center-center\",\"position_sticky_breakpoint\":\"m\",\"width_medium\":\"1-2\"},\"children\":[{\"type\":\"image\",\"props\":{\"image\":\"wp-content\\\/uploads\\\/2020\\\/03\\\/3909_web.jpg\",\"image_svg_color\":\"emphasis\",\"margin\":\"default\",\"text_align\":\"center\"}},{\"type\":\"headline\",\"props\":{\"content\":\"Schaktfritt\",\"text_align\":\"center\",\"title_element\":\"h1\",\"title_style\":\"h2\"}},{\"type\":\"text\",\"props\":{\"column_breakpoint\":\"m\",\"content\":\"Handboken <strong>\\u201dSCHAKTFRITT\\u201d<\\\/strong> \\u00e4r en enkel grundbok som v\\u00e4nder sig till dig som vill f\\u00e5 en uppfattning om de tekniska, tidsm\\u00e4ssiga, ekonomiska och milj\\u00f6m\\u00e4ssiga f\\u00f6rdelarna med schaktfritt ledningsbyggande och ledningsrenovering.<\\\/p>\\nBoken \\u00e4r rikt illustrerad och presenterar \\u00e4ven merparten av de schaktfria metoder som \\u00e4r kommersiellt tillg\\u00e4ngliga p\\u00e5 den svenska marknaden idag.<\\\/p>\\nDu f\\u00e5r ocks\\u00e5 tekniska fakta kring metodvalet, samt en genomg\\u00e5ng av de viktigaste applikationerna f\\u00f6r schaktfri teknik.<\\\/p>\",\"margin\":\"default\"}},{\"type\":\"gallery\",\"props\":{\"content_display\":\"lightbox\",\"filter_align\":\"left\",\"filter_all\":true,\"filter_grid_breakpoint\":\"m\",\"filter_grid_width\":\"auto\",\"filter_position\":\"top\",\"filter_style\":\"tab\",\"grid_default\":\"1\",\"grid_medium\":\"3\",\"image_box_shadow\":\"medium\",\"item_animation\":true,\"lightbox\":true,\"lightbox_bg_close\":true,\"link_style\":\"link-muted\",\"link_text\":\"\\u00d6ppna\",\"margin\":\"default\",\"meta_align\":\"below-title\",\"meta_element\":\"div\",\"meta_style\":\"text-meta\",\"overlay_hover\":true,\"overlay_mode\":\"cover\",\"overlay_position\":\"center\",\"overlay_style\":\"overlay-primary\",\"overlay_transition\":\"fade\",\"parallax_easing\":\"1\",\"show_content\":true,\"show_hover_image\":true,\"show_hover_video\":true,\"show_link\":true,\"show_meta\":true,\"show_title\":true,\"text_align\":\"center\",\"text_color\":\"light\",\"title_display\":\"lightbox\",\"title_element\":\"h3\",\"title_hover_style\":\"reset\"},\"children\":[{\"type\":\"gallery_item\",\"props\":{\"image\":\"wp-content\\\/uploads\\\/2020\\\/03\\\/3904_web.jpg\"}},{\"type\":\"gallery_item\",\"props\":{\"image\":\"wp-content\\\/uploads\\\/2020\\\/03\\\/3905_web.jpg\"}},{\"type\":\"gallery_item\",\"props\":{\"image\":\"wp-content\\\/uploads\\\/2020\\\/03\\\/3907_web.jpg\"}}]}]},{\"type\":\"column\",\"props\":{\"image_position\":\"center-center\",\"position_sticky_breakpoint\":\"m\",\"width_medium\":\"1-2\"},\"children\":[{\"type\":\"image\",\"props\":{\"image\":\"wp-content\\\/uploads\\\/2020\\\/04\\\/Bredband-a\\u030at-folket_ny__web.jpg\",\"image_svg_color\":\"emphasis\",\"margin\":\"default\",\"text_align\":\"center\"}},{\"type\":\"headline\",\"props\":{\"content\":\"Bredband \\u00e5t folket\",\"text_align\":\"center\",\"title_element\":\"h1\",\"title_style\":\"h2\"}},{\"type\":\"text\",\"props\":{\"column_breakpoint\":\"m\",\"content\":\"Handboken <strong>\\u201dBREDBAND \\u00c5T FOLKET\\u201d<\\\/strong> v\\u00e4nder sig fr\\u00e4mst till dig som ska bygga eller handla upp ledningsn\\u00e4t f\\u00f6r bredband. Boken behandlar de tekniska, tidsm\\u00e4ssiga, ekonomiska och milj\\u00f6m\\u00e4ssiga f\\u00f6rdelarna med schaktfritt ledningsbyggande och ledningsrenovering.<\\\/p>\\nBoken \\u00e4r rikt illustrerad och presenterar merparten av de schaktfria metoder som \\u00e4r aktuella vid bygge av bredbandsn\\u00e4t, inklusive n\\u00e4rliggande s.k. gr\\u00e4vfria metoder som fr\\u00e4sning och pl\\u00f6jning.<\\\/p>\\nDu f\\u00e5r ocks\\u00e5 tekniska fakta kring metodvalet, samt en genomg\\u00e5ng av de viktigaste applikationerna f\\u00f6r schaktfri teknik i samband med bygge av bredbandsn\\u00e4t.<\\\/p>\",\"margin\":\"default\"}},{\"type\":\"gallery\",\"props\":{\"content_display\":\"lightbox\",\"filter_align\":\"left\",\"filter_all\":true,\"filter_grid_breakpoint\":\"m\",\"filter_grid_width\":\"auto\",\"filter_position\":\"top\",\"filter_style\":\"tab\",\"grid_default\":\"1\",\"grid_medium\":\"3\",\"image_box_shadow\":\"medium\",\"item_animation\":true,\"lightbox\":true,\"lightbox_bg_close\":true,\"link_style\":\"link-muted\",\"link_text\":\"\\u00d6ppna\",\"margin\":\"default\",\"meta_align\":\"below-title\",\"meta_element\":\"div\",\"meta_style\":\"text-meta\",\"overlay_hover\":true,\"overlay_mode\":\"cover\",\"overlay_position\":\"center\",\"overlay_style\":\"overlay-primary\",\"overlay_transition\":\"fade\",\"parallax_easing\":\"1\",\"show_content\":true,\"show_hover_image\":true,\"show_hover_video\":true,\"show_link\":true,\"show_meta\":true,\"show_title\":true,\"text_align\":\"center\",\"text_color\":\"light\",\"title_display\":\"lightbox\",\"title_element\":\"h3\",\"title_hover_style\":\"reset\"},\"children\":[{\"type\":\"gallery_item\",\"props\":{\"image\":\"wp-content\\\/uploads\\\/2020\\\/03\\\/3902_web.jpg\"}},{\"type\":\"gallery_item\",\"props\":{\"image\":\"wp-content\\\/uploads\\\/2020\\\/03\\\/3903_web.jpg\"}}]}]}]},{\"type\":\"row\",\"children\":[{\"type\":\"column\",\"props\":{\"css\":\".el-column {\\n\\tborder: 2px #ddd solid;\\n}\",\"image_position\":\"center-center\",\"position_sticky_breakpoint\":\"m\",\"style\":\"tile-default\",\"width_medium\":\"1-1\"},\"children\":[{\"type\":\"headline\",\"props\":{\"content\":\"Din best\\u00e4llning\",\"margin\":\"large\",\"text_align\":\"center\",\"title_element\":\"h2\"}},{\"type\":\"html\",\"props\":{\"content\":\"[contact-form-7 id=\\\"460\\\" title=\\\"Bokbest\\u00e4llning\\\"]\"}}]}]}],\"name\":\"Best\\u00e4ll b\\u00f6cker\"}],\"version\":\"4.5.33\"} --><\/p>\n","protected":false},"excerpt":{"rendered":"<p>Our tools &amp; methods V\u00e5ra b\u00f6cker Schaktfritt Handboken \u201dSCHAKTFRITT\u201d \u00e4r en enkel grundbok som v\u00e4nder sig till dig som vill f\u00e5 en uppfattning om de tekniska, tidsm\u00e4ssiga, ekonomiska och milj\u00f6m\u00e4ssiga f\u00f6rdelarna med schaktfritt ledningsbyggande och ledningsrenovering. Boken \u00e4r rikt illustrerad och presenterar \u00e4ven merparten av de schaktfria metoder som \u00e4r kommersiellt tillg\u00e4ngliga p\u00e5 den svenska [&hellip;]<\/p>\n","protected":false},"author":2,"featured_media":0,"parent":0,"menu_order":0,"comment_status":"closed","ping_status":"closed","template":"","meta":{"footnotes":""},"class_list":["post-791","page","type-page","status-publish","hentry"],"_links":{"self":[{"href":"https:\/\/johanlundberg.se\/en\/wp-json\/wp\/v2\/pages\/791","targetHints":{"allow":["GET"]}}],"collection":[{"href":"https:\/\/johanlundberg.se\/en\/wp-json\/wp\/v2\/pages"}],"about":[{"href":"https:\/\/johanlundberg.se\/en\/wp-json\/wp\/v2\/types\/page"}],"author":[{"embeddable":true,"href":"https:\/\/johanlundberg.se\/en\/wp-json\/wp\/v2\/users\/2"}],"replies":[{"embeddable":true,"href":"https:\/\/johanlundberg.se\/en\/wp-json\/wp\/v2\/comments?post=791"}],"version-history":[{"count":3,"href":"https:\/\/johanlundberg.se\/en\/wp-json\/wp\/v2\/pages\/791\/revisions"}],"predecessor-version":[{"id":6476,"href":"https:\/\/johanlundberg.se\/en\/wp-json\/wp\/v2\/pages\/791\/revisions\/6476"}],"wp:attachment":[{"href":"https:\/\/johanlundberg.se\/en\/wp-json\/wp\/v2\/media?parent=791"}],"curies":[{"name":"wp","href":"https:\/\/api.w.org\/{rel}","templated":true}]}}