{"id":700,"date":"2020-04-27T09:38:43","date_gmt":"2020-04-27T07:38:43","guid":{"rendered":"https:\/\/johanlundberg.se\/?page_id=700"},"modified":"2022-03-29T11:20:26","modified_gmt":"2022-03-29T09:20:26","slug":"integritetspolicy","status":"publish","type":"page","link":"https:\/\/johanlundberg.se\/en\/integritetspolicy\/","title":{"rendered":"Integritetspolicy"},"content":{"rendered":"<h1>Privacy policy<\/h1>\n<div>\n<p>Syftet med denna informationstext \u00e4r att f\u00f6rklara hur vi, Johan Lundberg AB (\u201dvi\u201d, \u201doss\u201d eller \u201dv\u00e5r\u201d), \u00e4r personuppgiftsansvariga och hur vi behandlar information som p\u00e5 n\u00e5got s\u00e4tt kan identifiera dig, s\u00e5 kallad Personidentifierande information (PII). Vi vill \u00e4ven upplysa dig om de r\u00e4ttigheter du har och de skyldigheter vi har, gentemot dig. Denna text v\u00e4nder sig till dig som:<\/p>\n<ul>\n<li>\u00c4r kund hos oss.<\/li>\n<li>Har varit kund hos oss, avtalet har ej f\u00f6rnyats och v\u00e5ra tj\u00e4nster brukas inte l\u00e4ngre.<\/li>\n<li>Prenumererar p\u00e5 v\u00e5rt nyhetsbrev eller andra utskick och ing\u00e5r i marknadsf\u00f6ringssatsningar.<\/li>\n<li>P\u00e5 annat s\u00e4tt kommunicerar med oss via v\u00e5r kundtj\u00e4nst, via e-post, telefon, sms, eller brev.<\/li>\n<\/ul>\n<p>F\u00f6r oss \u00e4r det viktigt att v\u00e4rna om din integritet och identitet samt att f\u00f6lja den nya lagen dataskyddsf\u00f6rordningen, \u00e4ven kallad GDPR. Vi vill d\u00e4rf\u00f6r informera dig om hur vi behandlar din information, vilka skyldigheter vi har samt vilka r\u00e4ttigheter du har. Har du fr\u00e5gor om detta \u00e4r du v\u00e4lkommen att kontakta oss.<\/p>\n<\/div>\n<p>&lt;!&#8211; {&#8220;type&#8221;:&#8221;layout&#8221;,&#8221;children&#8221;:[{&#8220;type&#8221;:&#8221;section&#8221;,&#8221;props&#8221;:{&#8220;style&#8221;:&#8221;default&#8221;,&#8221;width&#8221;:&#8221;small&#8221;,&#8221;vertical_align&#8221;:&#8221;middle&#8221;,&#8221;title_position&#8221;:&#8221;top-left&#8221;,&#8221;title_rotation&#8221;:&#8221;left&#8221;,&#8221;title_breakpoint&#8221;:&#8221;xl&#8221;,&#8221;image_position&#8221;:&#8221;center-center&#8221;,&#8221;text_color&#8221;:&#8221;&#8221;,&#8221;width_expand&#8221;:&#8221;&#8221;,&#8221;height&#8221;:&#8221;&#8221;,&#8221;padding&#8221;:&#8221;&#8221;,&#8221;header_transparent&#8221;:&#8221;&#8221;,&#8221;animation&#8221;:&#8221;&#8221;},&#8221;children&#8221;:[{&#8220;type&#8221;:&#8221;row&#8221;,&#8221;props&#8221;:{&#8220;layout&#8221;:&#8221;1-1&#8243;,&#8221;breakpoint&#8221;:&#8221;m&#8221;,&#8221;fixed_width&#8221;:&#8221;large&#8221;,&#8221;gutter&#8221;:&#8221;&#8221;,&#8221;width&#8221;:&#8221;&#8221;,&#8221;width_expand&#8221;:&#8221;&#8221;,&#8221;height&#8221;:&#8221;&#8221;,&#8221;margin&#8221;:&#8221;&#8221;},&#8221;children&#8221;:[{&#8220;type&#8221;:&#8221;column&#8221;,&#8221;props&#8221;:{&#8220;widths&#8221;:[&#8220;1-1&#8243;],&#8221;image_position&#8221;:&#8221;center-center&#8221;,&#8221;media_overlay_gradient&#8221;:&#8221;&#8221;,&#8221;vertical_align&#8221;:&#8221;&#8221;,&#8221;style&#8221;:&#8221;&#8221;,&#8221;text_color&#8221;:&#8221;&#8221;,&#8221;padding&#8221;:&#8221;&#8221;},&#8221;children&#8221;:[{&#8220;type&#8221;:&#8221;headline&#8221;,&#8221;props&#8221;:{&#8220;title_element&#8221;:&#8221;h1&#8243;,&#8221;title_style&#8221;:&#8221;&#8221;,&#8221;title_decoration&#8221;:&#8221;&#8221;,&#8221;title_color&#8221;:&#8221;&#8221;,&#8221;text_align&#8221;:&#8221;&#8221;,&#8221;text_align_breakpoint&#8221;:&#8221;&#8221;,&#8221;text_align_fallback&#8221;:&#8221;&#8221;,&#8221;maxwidth&#8221;:&#8221;&#8221;,&#8221;maxwidth_align&#8221;:&#8221;&#8221;,&#8221;maxwidth_breakpoint&#8221;:&#8221;&#8221;,&#8221;margin&#8221;:&#8221;&#8221;,&#8221;animation&#8221;:&#8221;&#8221;,&#8221;visibility&#8221;:&#8221;&#8221;,&#8221;content&#8221;:&#8221;Integritetspolicy&#8221;}},{&#8220;type&#8221;:&#8221;text&#8221;,&#8221;props&#8221;:{&#8220;margin&#8221;:&#8221;default&#8221;,&#8221;column_breakpoint&#8221;:&#8221;m&#8221;,&#8221;text_style&#8221;:&#8221;&#8221;,&#8221;text_color&#8221;:&#8221;&#8221;,&#8221;text_size&#8221;:&#8221;&#8221;,&#8221;column&#8221;:&#8221;&#8221;,&#8221;text_align&#8221;:&#8221;&#8221;,&#8221;text_align_breakpoint&#8221;:&#8221;&#8221;,&#8221;text_align_fallback&#8221;:&#8221;&#8221;,&#8221;maxwidth&#8221;:&#8221;&#8221;,&#8221;maxwidth_align&#8221;:&#8221;&#8221;,&#8221;maxwidth_breakpoint&#8221;:&#8221;&#8221;,&#8221;animation&#8221;:&#8221;&#8221;,&#8221;visibility&#8221;:&#8221;&#8221;,&#8221;content&#8221;:&#8221;Syftet med denna informationstext \\u00e4r att f\\u00f6rklara hur vi, Johan Lundberg AB (\\u201dvi\\u201d, \\u201doss\\u201d eller \\u201dv\\u00e5r\\u201d), \\u00e4r personuppgiftsansvariga och hur vi behandlar information som p\\u00e5 n\\u00e5got s\\u00e4tt kan identifiera dig, s\\u00e5 kallad Personidentifierande information (PII). Vi vill \\u00e4ven upplysa dig om de r\\u00e4ttigheter du har och de skyldigheter vi har, gentemot dig. Denna text v\\u00e4nder sig till dig som:\\n<\/p>\n<ul>\n<li style=\"list-style-type: none;\">\n<ul>\\n<\/ul>\n<\/li>\n<\/ul>\n<ul>\n<li>\\u00c4r kund hos oss.\\n<\/li>\n<li>Har varit kund hos oss, avtalet har ej f\\u00f6rnyats och v\\u00e5ra tj\\u00e4nster brukas inte l\\u00e4ngre.\\n<\/li>\n<li>Prenumererar p\\u00e5 v\\u00e5rt nyhetsbrev eller andra utskick och ing\\u00e5r i marknadsf\\u00f6ringssatsningar.\\n<\/li>\n<li>P\\u00e5 annat s\\u00e4tt kommunicerar med oss via v\\u00e5r kundtj\\u00e4nst, via e-post, telefon, sms, eller brev.\\n\\nF\\u00f6r oss \\u00e4r det viktigt att v\\u00e4rna om din integritet och identitet samt att f\\u00f6lja den nya lagen dataskyddsf\\u00f6rordningen, \\u00e4ven kallad GDPR. Vi vill d\\u00e4rf\\u00f6r informera dig om hur vi behandlar din information, vilka skyldigheter vi har samt vilka r\\u00e4ttigheter du har. Har du fr\\u00e5gor om detta \\u00e4r du v\\u00e4lkommen att kontakta oss.&#8221;}}]}]}]}],&#8221;version&#8221;:&#8221;1.19.2&#8243;} &#8211;&gt;<\/li>\n<\/ul>\n","protected":false},"excerpt":{"rendered":"<p>Privacy policy Syftet med denna informationstext \u00e4r att f\u00f6rklara hur vi, Johan Lundberg AB (\u201dvi\u201d, \u201doss\u201d eller \u201dv\u00e5r\u201d), \u00e4r personuppgiftsansvariga och hur vi behandlar information som p\u00e5 n\u00e5got s\u00e4tt kan identifiera dig, s\u00e5 kallad Personidentifierande information (PII). Vi vill \u00e4ven upplysa dig om de r\u00e4ttigheter du har och de skyldigheter vi har, gentemot dig. Denna [&hellip;]<\/p>\n","protected":false},"author":2,"featured_media":0,"parent":0,"menu_order":99,"comment_status":"closed","ping_status":"closed","template":"","meta":{"footnotes":""},"class_list":["post-700","page","type-page","status-publish","hentry"],"_links":{"self":[{"href":"https:\/\/johanlundberg.se\/en\/wp-json\/wp\/v2\/pages\/700","targetHints":{"allow":["GET"]}}],"collection":[{"href":"https:\/\/johanlundberg.se\/en\/wp-json\/wp\/v2\/pages"}],"about":[{"href":"https:\/\/johanlundberg.se\/en\/wp-json\/wp\/v2\/types\/page"}],"author":[{"embeddable":true,"href":"https:\/\/johanlundberg.se\/en\/wp-json\/wp\/v2\/users\/2"}],"replies":[{"embeddable":true,"href":"https:\/\/johanlundberg.se\/en\/wp-json\/wp\/v2\/comments?post=700"}],"version-history":[{"count":2,"href":"https:\/\/johanlundberg.se\/en\/wp-json\/wp\/v2\/pages\/700\/revisions"}],"predecessor-version":[{"id":3850,"href":"https:\/\/johanlundberg.se\/en\/wp-json\/wp\/v2\/pages\/700\/revisions\/3850"}],"wp:attachment":[{"href":"https:\/\/johanlundberg.se\/en\/wp-json\/wp\/v2\/media?parent=700"}],"curies":[{"name":"wp","href":"https:\/\/api.w.org\/{rel}","templated":true}]}}